{"id":2719,"date":"2021-05-03T06:47:01","date_gmt":"2021-05-03T06:47:01","guid":{"rendered":"http:\/\/laserenavegasaltas.org\/?page_id=2719"},"modified":"2026-03-31T09:39:13","modified_gmt":"2026-03-31T08:39:13","slug":"rutas-del-servicio-de-consumo-centro-mancomunado-la-serena-vegas-altas-mayo-2021","status":"publish","type":"page","link":"https:\/\/laserenavegasaltas.org\/?page_id=2719","title":{"rendered":"Rutas del servicio de consumo Centro Mancomunado La Serena-Vegas Altas."},"content":{"rendered":"\r\n<p>Cuadro de\u00a0rutas\u00a0del servicio de consumo del Centro Mancomunado de Consumo La Serena-Vegas Altas.<\/p>\r\n\r\n\r\n\r\n<p><strong><u>La atenci\u00f3n ser\u00e1 presencial en los municipios por cita previa los d\u00edas se\u00f1alados de ruta, y\u00a0deber\u00e1n apuntarse dejando nombre y n\u00ba de tel\u00e9fono en los Ayuntamientos, Universidad Popular o Casas de Cultura.<\/u><\/strong><strong>\u00a0<\/strong><\/p>\r\n\r\n\r\n\r\n<p>Los d\u00edas sin ruta ser\u00e1 posible la atenci\u00f3n presencial (con cita previa), telem\u00e1tica o telef\u00f3nica en la oficina de Villanueva de la Serena, C\/Tentud\u00eda s\/n Urb. Los Pinos, <u>con horario de 9:00 a 14:00 horas:\u00a0<\/u><\/p>\r\n<p><a href=\"https:\/\/laserenavegasaltas.org\/\/wp-content\/uploads\/2026\/03\/CALENDARIO-RUTAS-OFICINA-CONSUMO-ABRIL-2026.pdf\">CALENDARIO RUTAS OFICINA CONSUMO ABRIL 2026<\/a><\/p>\r\n<p><u>TEL\u00c9FONOS\u00a0\u00a0682 448 998 &#8211; 924 84 92 36 (EXT. 17)<br \/>Mail:\u00a0<a href=\"mailto:ricardo.santisteban@salud-juntaex.es\" target=\"_blank\" rel=\"noreferrer noopener\">ricardo.santisteban@salud-juntaex.es<\/a>\u00a0<\/u><\/p>\r\n\r\n\r\n\r\n<p><em>Y recuerda: la mediaci\u00f3n beneficia a tod@s<\/em><\/p>\r\n\r\n\r\n\r\n<p>&nbsp;<\/p>\r\n<p>&nbsp;<\/p>\r\n","protected":false},"excerpt":{"rendered":"<p>Cuadro de\u00a0rutas\u00a0del servicio de consumo del Centro Mancomunado de Consumo La Serena-Vegas Altas. La atenci\u00f3n ser\u00e1 presencial en los municipios por cita previa los d\u00edas se\u00f1alados<span class=\"excerpt-hellip\"> [\u2026]<\/span><\/p>\n","protected":false},"author":1,"featured_media":-1,"parent":0,"menu_order":0,"comment_status":"closed","ping_status":"closed","template":"","meta":{"footnotes":""},"class_list":["post-2719","page","type-page","status-publish","has-post-thumbnail","hentry"],"yoast_head":"<!-- This site is optimized with the Yoast SEO plugin v25.5 - https:\/\/yoast.com\/wordpress\/plugins\/seo\/ -->\n<title>Rutas del servicio de consumo Centro Mancomunado La Serena-Vegas Altas. - Mancomunidad Integral de Servicios La Serena-Vegas Altas<\/title>\n<meta name=\"robots\" content=\"index, follow, max-snippet:-1, max-image-preview:large, max-video-preview:-1\" \/>\n<link rel=\"canonical\" href=\"https:\/\/laserenavegasaltas.org\/?page_id=2719\" \/>\n<meta property=\"og:locale\" content=\"es_ES\" \/>\n<meta property=\"og:type\" content=\"article\" \/>\n<meta property=\"og:title\" content=\"Rutas del servicio de consumo Centro Mancomunado La Serena-Vegas Altas. - Mancomunidad Integral de Servicios La Serena-Vegas Altas\" \/>\n<meta property=\"og:description\" content=\"Cuadro de\u00a0rutas\u00a0del servicio de consumo del Centro Mancomunado de Consumo La Serena-Vegas Altas. La atenci\u00f3n ser\u00e1 presencial en los municipios por cita previa los d\u00edas se\u00f1alados [\u2026]\" \/>\n<meta property=\"og:url\" content=\"https:\/\/laserenavegasaltas.org\/?page_id=2719\" \/>\n<meta property=\"og:site_name\" content=\"Mancomunidad Integral de Servicios La Serena-Vegas Altas\" \/>\n<meta property=\"article:modified_time\" content=\"2026-03-31T08:39:13+00:00\" \/>\n<meta name=\"twitter:card\" content=\"summary_large_image\" \/>\n<meta name=\"twitter:label1\" content=\"Tiempo de lectura\" \/>\n\t<meta name=\"twitter:data1\" content=\"1 minuto\" \/>\n<script type=\"application\/ld+json\" class=\"yoast-schema-graph\">{\"@context\":\"https:\/\/schema.org\",\"@graph\":[{\"@type\":\"WebPage\",\"@id\":\"https:\/\/laserenavegasaltas.org\/?page_id=2719\",\"url\":\"https:\/\/laserenavegasaltas.org\/?page_id=2719\",\"name\":\"Rutas del servicio de consumo Centro Mancomunado La Serena-Vegas Altas. - Mancomunidad Integral de Servicios La Serena-Vegas Altas\",\"isPartOf\":{\"@id\":\"https:\/\/laserenavegasaltas.org\/#website\"},\"datePublished\":\"2021-05-03T06:47:01+00:00\",\"dateModified\":\"2026-03-31T08:39:13+00:00\",\"breadcrumb\":{\"@id\":\"https:\/\/laserenavegasaltas.org\/?page_id=2719#breadcrumb\"},\"inLanguage\":\"es\",\"potentialAction\":[{\"@type\":\"ReadAction\",\"target\":[\"https:\/\/laserenavegasaltas.org\/?page_id=2719\"]}]},{\"@type\":\"BreadcrumbList\",\"@id\":\"https:\/\/laserenavegasaltas.org\/?page_id=2719#breadcrumb\",\"itemListElement\":[{\"@type\":\"ListItem\",\"position\":1,\"name\":\"Portada\",\"item\":\"https:\/\/laserenavegasaltas.org\/\"},{\"@type\":\"ListItem\",\"position\":2,\"name\":\"Rutas del servicio de consumo Centro Mancomunado La Serena-Vegas Altas.\"}]},{\"@type\":\"WebSite\",\"@id\":\"https:\/\/laserenavegasaltas.org\/#website\",\"url\":\"https:\/\/laserenavegasaltas.org\/\",\"name\":\"Mancomunidad Integral de Servicios La Serena-Vegas Altas\",\"description\":\"Mancomunidad Integral de Servicios La Serena-Vegas Altas\",\"potentialAction\":[{\"@type\":\"SearchAction\",\"target\":{\"@type\":\"EntryPoint\",\"urlTemplate\":\"https:\/\/laserenavegasaltas.org\/?s={search_term_string}\"},\"query-input\":{\"@type\":\"PropertyValueSpecification\",\"valueRequired\":true,\"valueName\":\"search_term_string\"}}],\"inLanguage\":\"es\"}]}<\/script>\n<!-- \/ Yoast SEO plugin. -->","yoast_head_json":{"title":"Rutas del servicio de consumo Centro Mancomunado La Serena-Vegas Altas. - Mancomunidad Integral de Servicios La Serena-Vegas Altas","robots":{"index":"index","follow":"follow","max-snippet":"max-snippet:-1","max-image-preview":"max-image-preview:large","max-video-preview":"max-video-preview:-1"},"canonical":"https:\/\/laserenavegasaltas.org\/?page_id=2719","og_locale":"es_ES","og_type":"article","og_title":"Rutas del servicio de consumo Centro Mancomunado La Serena-Vegas Altas. - Mancomunidad Integral de Servicios La Serena-Vegas Altas","og_description":"Cuadro de\u00a0rutas\u00a0del servicio de consumo del Centro Mancomunado de Consumo La Serena-Vegas Altas. La atenci\u00f3n ser\u00e1 presencial en los municipios por cita previa los d\u00edas se\u00f1alados [\u2026]","og_url":"https:\/\/laserenavegasaltas.org\/?page_id=2719","og_site_name":"Mancomunidad Integral de Servicios La Serena-Vegas Altas","article_modified_time":"2026-03-31T08:39:13+00:00","twitter_card":"summary_large_image","twitter_misc":{"Tiempo de lectura":"1 minuto"},"schema":{"@context":"https:\/\/schema.org","@graph":[{"@type":"WebPage","@id":"https:\/\/laserenavegasaltas.org\/?page_id=2719","url":"https:\/\/laserenavegasaltas.org\/?page_id=2719","name":"Rutas del servicio de consumo Centro Mancomunado La Serena-Vegas Altas. - Mancomunidad Integral de Servicios La Serena-Vegas Altas","isPartOf":{"@id":"https:\/\/laserenavegasaltas.org\/#website"},"datePublished":"2021-05-03T06:47:01+00:00","dateModified":"2026-03-31T08:39:13+00:00","breadcrumb":{"@id":"https:\/\/laserenavegasaltas.org\/?page_id=2719#breadcrumb"},"inLanguage":"es","potentialAction":[{"@type":"ReadAction","target":["https:\/\/laserenavegasaltas.org\/?page_id=2719"]}]},{"@type":"BreadcrumbList","@id":"https:\/\/laserenavegasaltas.org\/?page_id=2719#breadcrumb","itemListElement":[{"@type":"ListItem","position":1,"name":"Portada","item":"https:\/\/laserenavegasaltas.org\/"},{"@type":"ListItem","position":2,"name":"Rutas del servicio de consumo Centro Mancomunado La Serena-Vegas Altas."}]},{"@type":"WebSite","@id":"https:\/\/laserenavegasaltas.org\/#website","url":"https:\/\/laserenavegasaltas.org\/","name":"Mancomunidad Integral de Servicios La Serena-Vegas Altas","description":"Mancomunidad Integral de Servicios La Serena-Vegas Altas","potentialAction":[{"@type":"SearchAction","target":{"@type":"EntryPoint","urlTemplate":"https:\/\/laserenavegasaltas.org\/?s={search_term_string}"},"query-input":{"@type":"PropertyValueSpecification","valueRequired":true,"valueName":"search_term_string"}}],"inLanguage":"es"}]}},"_links":{"self":[{"href":"https:\/\/laserenavegasaltas.org\/index.php?rest_route=\/wp\/v2\/pages\/2719","targetHints":{"allow":["GET"]}}],"collection":[{"href":"https:\/\/laserenavegasaltas.org\/index.php?rest_route=\/wp\/v2\/pages"}],"about":[{"href":"https:\/\/laserenavegasaltas.org\/index.php?rest_route=\/wp\/v2\/types\/page"}],"author":[{"embeddable":true,"href":"https:\/\/laserenavegasaltas.org\/index.php?rest_route=\/wp\/v2\/users\/1"}],"replies":[{"embeddable":true,"href":"https:\/\/laserenavegasaltas.org\/index.php?rest_route=%2Fwp%2Fv2%2Fcomments&post=2719"}],"version-history":[{"count":60,"href":"https:\/\/laserenavegasaltas.org\/index.php?rest_route=\/wp\/v2\/pages\/2719\/revisions"}],"predecessor-version":[{"id":5546,"href":"https:\/\/laserenavegasaltas.org\/index.php?rest_route=\/wp\/v2\/pages\/2719\/revisions\/5546"}],"wp:featuredmedia":[{"embeddable":true,"href":"https:\/\/laserenavegasaltas.org\/index.php?rest_route=\/"}],"wp:attachment":[{"href":"https:\/\/laserenavegasaltas.org\/index.php?rest_route=%2Fwp%2Fv2%2Fmedia&parent=2719"}],"curies":[{"name":"wp","href":"https:\/\/api.w.org\/{rel}","templated":true}]}}