{"id":3027,"date":"2021-09-16T08:32:35","date_gmt":"2021-09-16T08:32:35","guid":{"rendered":"http:\/\/laserenavegasaltas.org\/?page_id=3027"},"modified":"2021-09-16T08:32:40","modified_gmt":"2021-09-16T08:32:40","slug":"subvenciones-ayudas-y-otros-para-asociaciones-de-mujeres","status":"publish","type":"page","link":"https:\/\/laserenavegasaltas.org\/?page_id=3027","title":{"rendered":"Subvenciones, ayudas y otros para Asociaciones de Mujeres."},"content":{"rendered":"\n<p><strong><span class=\"has-inline-color has-vivid-purple-color\">2 de Septiembre de 2021.<\/span><\/strong><\/p>\n\n\n\n<p><strong>CONSEJER\u00cdA DE IGUALDAD Y PORTAVOC\u00cdA<\/strong>. <\/p>\n\n\n\n<p>(DOE 169, de 1 de  septiembre de 2021)<\/p>\n\n\n\n<p><strong>Igualdad de g\u00e9nero. Subvenciones.-\u00a0<\/strong>Orden de 24 de agosto de 2021 por la que se establecen las bases reguladoras para la concesi\u00f3n de subvenciones destinadas a las asociaciones, agrupaciones y federaciones de asociaciones de mujeres, para desarrollar programas relacionados con la consecuci\u00f3n del principio de igualdad de oportunidades, entre mujeres y hombres.\u00a0<\/p>\n\n\n\n<p><a href=\"http:\/\/doe.juntaex.es\/pdfs\/doe\/2021\/1690o\/21050150.pdf\">ENLACE DIRECTO<\/a><a href=\"http:\/\/doe.juntaex.es\/pdfs\/doe\/2021\/1690o\/21050150.pdf\"><\/a><\/p>\n","protected":false},"excerpt":{"rendered":"<p>2 de Septiembre de 2021. CONSEJER\u00cdA DE IGUALDAD Y PORTAVOC\u00cdA. (DOE 169, de 1 de septiembre de 2021) Igualdad de g\u00e9nero. Subvenciones.-\u00a0Orden de 24 de agosto<span class=\"excerpt-hellip\"> [\u2026]<\/span><\/p>\n","protected":false},"author":1,"featured_media":0,"parent":0,"menu_order":0,"comment_status":"closed","ping_status":"closed","template":"","meta":{"footnotes":""},"class_list":["post-3027","page","type-page","status-publish","hentry"],"yoast_head":"<!-- This site is optimized with the Yoast SEO plugin v25.5 - https:\/\/yoast.com\/wordpress\/plugins\/seo\/ -->\n<title>Subvenciones, ayudas y otros para Asociaciones de Mujeres. - Mancomunidad Integral de Servicios La Serena-Vegas Altas<\/title>\n<meta name=\"robots\" content=\"index, follow, max-snippet:-1, max-image-preview:large, max-video-preview:-1\" \/>\n<link rel=\"canonical\" href=\"https:\/\/laserenavegasaltas.org\/?page_id=3027\" \/>\n<meta property=\"og:locale\" content=\"es_ES\" \/>\n<meta property=\"og:type\" content=\"article\" \/>\n<meta property=\"og:title\" content=\"Subvenciones, ayudas y otros para Asociaciones de Mujeres. - Mancomunidad Integral de Servicios La Serena-Vegas Altas\" \/>\n<meta property=\"og:description\" content=\"2 de Septiembre de 2021. CONSEJER\u00cdA DE IGUALDAD Y PORTAVOC\u00cdA. (DOE 169, de 1 de septiembre de 2021) Igualdad de g\u00e9nero. Subvenciones.-\u00a0Orden de 24 de agosto [\u2026]\" \/>\n<meta property=\"og:url\" content=\"https:\/\/laserenavegasaltas.org\/?page_id=3027\" \/>\n<meta property=\"og:site_name\" content=\"Mancomunidad Integral de Servicios La Serena-Vegas Altas\" \/>\n<meta property=\"article:modified_time\" content=\"2021-09-16T08:32:40+00:00\" \/>\n<meta name=\"twitter:card\" content=\"summary_large_image\" \/>\n<script type=\"application\/ld+json\" class=\"yoast-schema-graph\">{\"@context\":\"https:\/\/schema.org\",\"@graph\":[{\"@type\":\"WebPage\",\"@id\":\"https:\/\/laserenavegasaltas.org\/?page_id=3027\",\"url\":\"https:\/\/laserenavegasaltas.org\/?page_id=3027\",\"name\":\"Subvenciones, ayudas y otros para Asociaciones de Mujeres. - Mancomunidad Integral de Servicios La Serena-Vegas Altas\",\"isPartOf\":{\"@id\":\"https:\/\/laserenavegasaltas.org\/#website\"},\"datePublished\":\"2021-09-16T08:32:35+00:00\",\"dateModified\":\"2021-09-16T08:32:40+00:00\",\"breadcrumb\":{\"@id\":\"https:\/\/laserenavegasaltas.org\/?page_id=3027#breadcrumb\"},\"inLanguage\":\"es\",\"potentialAction\":[{\"@type\":\"ReadAction\",\"target\":[\"https:\/\/laserenavegasaltas.org\/?page_id=3027\"]}]},{\"@type\":\"BreadcrumbList\",\"@id\":\"https:\/\/laserenavegasaltas.org\/?page_id=3027#breadcrumb\",\"itemListElement\":[{\"@type\":\"ListItem\",\"position\":1,\"name\":\"Portada\",\"item\":\"https:\/\/laserenavegasaltas.org\/\"},{\"@type\":\"ListItem\",\"position\":2,\"name\":\"Subvenciones, ayudas y otros para Asociaciones de Mujeres.\"}]},{\"@type\":\"WebSite\",\"@id\":\"https:\/\/laserenavegasaltas.org\/#website\",\"url\":\"https:\/\/laserenavegasaltas.org\/\",\"name\":\"Mancomunidad Integral de Servicios La Serena-Vegas Altas\",\"description\":\"Mancomunidad Integral de Servicios La Serena-Vegas Altas\",\"potentialAction\":[{\"@type\":\"SearchAction\",\"target\":{\"@type\":\"EntryPoint\",\"urlTemplate\":\"https:\/\/laserenavegasaltas.org\/?s={search_term_string}\"},\"query-input\":{\"@type\":\"PropertyValueSpecification\",\"valueRequired\":true,\"valueName\":\"search_term_string\"}}],\"inLanguage\":\"es\"}]}<\/script>\n<!-- \/ Yoast SEO plugin. -->","yoast_head_json":{"title":"Subvenciones, ayudas y otros para Asociaciones de Mujeres. - Mancomunidad Integral de Servicios La Serena-Vegas Altas","robots":{"index":"index","follow":"follow","max-snippet":"max-snippet:-1","max-image-preview":"max-image-preview:large","max-video-preview":"max-video-preview:-1"},"canonical":"https:\/\/laserenavegasaltas.org\/?page_id=3027","og_locale":"es_ES","og_type":"article","og_title":"Subvenciones, ayudas y otros para Asociaciones de Mujeres. - Mancomunidad Integral de Servicios La Serena-Vegas Altas","og_description":"2 de Septiembre de 2021. CONSEJER\u00cdA DE IGUALDAD Y PORTAVOC\u00cdA. (DOE 169, de 1 de septiembre de 2021) Igualdad de g\u00e9nero. Subvenciones.-\u00a0Orden de 24 de agosto [\u2026]","og_url":"https:\/\/laserenavegasaltas.org\/?page_id=3027","og_site_name":"Mancomunidad Integral de Servicios La Serena-Vegas Altas","article_modified_time":"2021-09-16T08:32:40+00:00","twitter_card":"summary_large_image","schema":{"@context":"https:\/\/schema.org","@graph":[{"@type":"WebPage","@id":"https:\/\/laserenavegasaltas.org\/?page_id=3027","url":"https:\/\/laserenavegasaltas.org\/?page_id=3027","name":"Subvenciones, ayudas y otros para Asociaciones de Mujeres. - Mancomunidad Integral de Servicios La Serena-Vegas Altas","isPartOf":{"@id":"https:\/\/laserenavegasaltas.org\/#website"},"datePublished":"2021-09-16T08:32:35+00:00","dateModified":"2021-09-16T08:32:40+00:00","breadcrumb":{"@id":"https:\/\/laserenavegasaltas.org\/?page_id=3027#breadcrumb"},"inLanguage":"es","potentialAction":[{"@type":"ReadAction","target":["https:\/\/laserenavegasaltas.org\/?page_id=3027"]}]},{"@type":"BreadcrumbList","@id":"https:\/\/laserenavegasaltas.org\/?page_id=3027#breadcrumb","itemListElement":[{"@type":"ListItem","position":1,"name":"Portada","item":"https:\/\/laserenavegasaltas.org\/"},{"@type":"ListItem","position":2,"name":"Subvenciones, ayudas y otros para Asociaciones de Mujeres."}]},{"@type":"WebSite","@id":"https:\/\/laserenavegasaltas.org\/#website","url":"https:\/\/laserenavegasaltas.org\/","name":"Mancomunidad Integral de Servicios La Serena-Vegas Altas","description":"Mancomunidad Integral de Servicios La Serena-Vegas Altas","potentialAction":[{"@type":"SearchAction","target":{"@type":"EntryPoint","urlTemplate":"https:\/\/laserenavegasaltas.org\/?s={search_term_string}"},"query-input":{"@type":"PropertyValueSpecification","valueRequired":true,"valueName":"search_term_string"}}],"inLanguage":"es"}]}},"_links":{"self":[{"href":"https:\/\/laserenavegasaltas.org\/index.php?rest_route=\/wp\/v2\/pages\/3027","targetHints":{"allow":["GET"]}}],"collection":[{"href":"https:\/\/laserenavegasaltas.org\/index.php?rest_route=\/wp\/v2\/pages"}],"about":[{"href":"https:\/\/laserenavegasaltas.org\/index.php?rest_route=\/wp\/v2\/types\/page"}],"author":[{"embeddable":true,"href":"https:\/\/laserenavegasaltas.org\/index.php?rest_route=\/wp\/v2\/users\/1"}],"replies":[{"embeddable":true,"href":"https:\/\/laserenavegasaltas.org\/index.php?rest_route=%2Fwp%2Fv2%2Fcomments&post=3027"}],"version-history":[{"count":1,"href":"https:\/\/laserenavegasaltas.org\/index.php?rest_route=\/wp\/v2\/pages\/3027\/revisions"}],"predecessor-version":[{"id":3028,"href":"https:\/\/laserenavegasaltas.org\/index.php?rest_route=\/wp\/v2\/pages\/3027\/revisions\/3028"}],"wp:attachment":[{"href":"https:\/\/laserenavegasaltas.org\/index.php?rest_route=%2Fwp%2Fv2%2Fmedia&parent=3027"}],"curies":[{"name":"wp","href":"https:\/\/api.w.org\/{rel}","templated":true}]}}