{"id":3200,"date":"2022-01-10T10:32:12","date_gmt":"2022-01-10T10:32:12","guid":{"rendered":"http:\/\/laserenavegasaltas.org\/?page_id=3200"},"modified":"2025-06-18T09:54:59","modified_gmt":"2025-06-18T08:54:59","slug":"subvenciones-ayudas-y-otros","status":"publish","type":"page","link":"https:\/\/laserenavegasaltas.org\/?page_id=3200","title":{"rendered":"Subvenciones juventud, ayudas y otros."},"content":{"rendered":"<p><strong>ACTUALIZACI\u00d3N JUNIO 2025<\/strong><\/p>\n<p>CONSEJER\u00cdA DE CULTURA, TURISMO, J\u00d3VENES Y DEPORTES<\/p>\n<p>Juventud. Ayudas.-<a title=\"Consultar esta disposici\u00f3n en formato PDF\" href=\"http:\/\/doe.juntaex.es\/pdfs\/doe\/2025\/1160o\/25040084.pdf\" target=\"_blank\" rel=\"noopener\" data-saferedirecturl=\"https:\/\/www.google.com\/url?q=http:\/\/doe.juntaex.es\/pdfs\/doe\/2025\/1160o\/25040084.pdf&amp;source=gmail&amp;ust=1750322944098000&amp;usg=AOvVaw0cxeFXA5FNiG1qRaPin9vf\">Decreto 47\/2025, de 27 de mayo, por el que se establecen las bases reguladoras para la concesi\u00f3n de ayudas destinadas al fomento de la participaci\u00f3n juvenil y primera convocatoria para el ejercicio 2025.<\/a><\/p>\n<p>Juventud. Ayudas.-<a title=\"Consultar esta disposici\u00f3n en formato PDF\" href=\"http:\/\/doe.juntaex.es\/pdfs\/doe\/2025\/1160o\/25040100.pdf\" target=\"_blank\" rel=\"noopener\" data-saferedirecturl=\"https:\/\/www.google.com\/url?q=http:\/\/doe.juntaex.es\/pdfs\/doe\/2025\/1160o\/25040100.pdf&amp;source=gmail&amp;ust=1750322944098000&amp;usg=AOvVaw0DVAEJ-Itez443myHXi1rN\">Extracto del Decreto 47\/2025, de 27 de mayo, por el que se establecen las bases reguladoras para la concesi\u00f3n de ayudas destinadas al fomento de la participaci\u00f3n juvenil y primera convocatoria para el ejercicio 2025.<\/a><\/p>\n","protected":false},"excerpt":{"rendered":"<p>ACTUALIZACI\u00d3N JUNIO 2025 CONSEJER\u00cdA DE CULTURA, TURISMO, J\u00d3VENES Y DEPORTES Juventud. Ayudas.-Decreto 47\/2025, de 27 de mayo, por el que se establecen las bases reguladoras para<span class=\"excerpt-hellip\"> [\u2026]<\/span><\/p>\n","protected":false},"author":1,"featured_media":0,"parent":0,"menu_order":0,"comment_status":"closed","ping_status":"closed","template":"","meta":{"footnotes":""},"class_list":["post-3200","page","type-page","status-publish","hentry"],"yoast_head":"<!-- This site is optimized with the Yoast SEO plugin v25.5 - https:\/\/yoast.com\/wordpress\/plugins\/seo\/ -->\n<title>Subvenciones juventud, ayudas y otros. - Mancomunidad Integral de Servicios La Serena-Vegas Altas<\/title>\n<meta name=\"robots\" content=\"index, follow, max-snippet:-1, max-image-preview:large, max-video-preview:-1\" \/>\n<link rel=\"canonical\" href=\"https:\/\/laserenavegasaltas.org\/?page_id=3200\" \/>\n<meta property=\"og:locale\" content=\"es_ES\" \/>\n<meta property=\"og:type\" content=\"article\" \/>\n<meta property=\"og:title\" content=\"Subvenciones juventud, ayudas y otros. - Mancomunidad Integral de Servicios La Serena-Vegas Altas\" \/>\n<meta property=\"og:description\" content=\"ACTUALIZACI\u00d3N JUNIO 2025 CONSEJER\u00cdA DE CULTURA, TURISMO, J\u00d3VENES Y DEPORTES Juventud. Ayudas.-Decreto 47\/2025, de 27 de mayo, por el que se establecen las bases reguladoras para [\u2026]\" \/>\n<meta property=\"og:url\" content=\"https:\/\/laserenavegasaltas.org\/?page_id=3200\" \/>\n<meta property=\"og:site_name\" content=\"Mancomunidad Integral de Servicios La Serena-Vegas Altas\" \/>\n<meta property=\"article:modified_time\" content=\"2025-06-18T08:54:59+00:00\" \/>\n<meta name=\"twitter:card\" content=\"summary_large_image\" \/>\n<meta name=\"twitter:label1\" content=\"Tiempo de lectura\" \/>\n\t<meta name=\"twitter:data1\" content=\"1 minuto\" \/>\n<script type=\"application\/ld+json\" class=\"yoast-schema-graph\">{\"@context\":\"https:\/\/schema.org\",\"@graph\":[{\"@type\":\"WebPage\",\"@id\":\"https:\/\/laserenavegasaltas.org\/?page_id=3200\",\"url\":\"https:\/\/laserenavegasaltas.org\/?page_id=3200\",\"name\":\"Subvenciones juventud, ayudas y otros. - Mancomunidad Integral de Servicios La Serena-Vegas Altas\",\"isPartOf\":{\"@id\":\"https:\/\/laserenavegasaltas.org\/#website\"},\"datePublished\":\"2022-01-10T10:32:12+00:00\",\"dateModified\":\"2025-06-18T08:54:59+00:00\",\"breadcrumb\":{\"@id\":\"https:\/\/laserenavegasaltas.org\/?page_id=3200#breadcrumb\"},\"inLanguage\":\"es\",\"potentialAction\":[{\"@type\":\"ReadAction\",\"target\":[\"https:\/\/laserenavegasaltas.org\/?page_id=3200\"]}]},{\"@type\":\"BreadcrumbList\",\"@id\":\"https:\/\/laserenavegasaltas.org\/?page_id=3200#breadcrumb\",\"itemListElement\":[{\"@type\":\"ListItem\",\"position\":1,\"name\":\"Portada\",\"item\":\"https:\/\/laserenavegasaltas.org\/\"},{\"@type\":\"ListItem\",\"position\":2,\"name\":\"Subvenciones juventud, ayudas y otros.\"}]},{\"@type\":\"WebSite\",\"@id\":\"https:\/\/laserenavegasaltas.org\/#website\",\"url\":\"https:\/\/laserenavegasaltas.org\/\",\"name\":\"Mancomunidad Integral de Servicios La Serena-Vegas Altas\",\"description\":\"Mancomunidad Integral de Servicios La Serena-Vegas Altas\",\"potentialAction\":[{\"@type\":\"SearchAction\",\"target\":{\"@type\":\"EntryPoint\",\"urlTemplate\":\"https:\/\/laserenavegasaltas.org\/?s={search_term_string}\"},\"query-input\":{\"@type\":\"PropertyValueSpecification\",\"valueRequired\":true,\"valueName\":\"search_term_string\"}}],\"inLanguage\":\"es\"}]}<\/script>\n<!-- \/ Yoast SEO plugin. -->","yoast_head_json":{"title":"Subvenciones juventud, ayudas y otros. - Mancomunidad Integral de Servicios La Serena-Vegas Altas","robots":{"index":"index","follow":"follow","max-snippet":"max-snippet:-1","max-image-preview":"max-image-preview:large","max-video-preview":"max-video-preview:-1"},"canonical":"https:\/\/laserenavegasaltas.org\/?page_id=3200","og_locale":"es_ES","og_type":"article","og_title":"Subvenciones juventud, ayudas y otros. - Mancomunidad Integral de Servicios La Serena-Vegas Altas","og_description":"ACTUALIZACI\u00d3N JUNIO 2025 CONSEJER\u00cdA DE CULTURA, TURISMO, J\u00d3VENES Y DEPORTES Juventud. Ayudas.-Decreto 47\/2025, de 27 de mayo, por el que se establecen las bases reguladoras para [\u2026]","og_url":"https:\/\/laserenavegasaltas.org\/?page_id=3200","og_site_name":"Mancomunidad Integral de Servicios La Serena-Vegas Altas","article_modified_time":"2025-06-18T08:54:59+00:00","twitter_card":"summary_large_image","twitter_misc":{"Tiempo de lectura":"1 minuto"},"schema":{"@context":"https:\/\/schema.org","@graph":[{"@type":"WebPage","@id":"https:\/\/laserenavegasaltas.org\/?page_id=3200","url":"https:\/\/laserenavegasaltas.org\/?page_id=3200","name":"Subvenciones juventud, ayudas y otros. - Mancomunidad Integral de Servicios La Serena-Vegas Altas","isPartOf":{"@id":"https:\/\/laserenavegasaltas.org\/#website"},"datePublished":"2022-01-10T10:32:12+00:00","dateModified":"2025-06-18T08:54:59+00:00","breadcrumb":{"@id":"https:\/\/laserenavegasaltas.org\/?page_id=3200#breadcrumb"},"inLanguage":"es","potentialAction":[{"@type":"ReadAction","target":["https:\/\/laserenavegasaltas.org\/?page_id=3200"]}]},{"@type":"BreadcrumbList","@id":"https:\/\/laserenavegasaltas.org\/?page_id=3200#breadcrumb","itemListElement":[{"@type":"ListItem","position":1,"name":"Portada","item":"https:\/\/laserenavegasaltas.org\/"},{"@type":"ListItem","position":2,"name":"Subvenciones juventud, ayudas y otros."}]},{"@type":"WebSite","@id":"https:\/\/laserenavegasaltas.org\/#website","url":"https:\/\/laserenavegasaltas.org\/","name":"Mancomunidad Integral de Servicios La Serena-Vegas Altas","description":"Mancomunidad Integral de Servicios La Serena-Vegas Altas","potentialAction":[{"@type":"SearchAction","target":{"@type":"EntryPoint","urlTemplate":"https:\/\/laserenavegasaltas.org\/?s={search_term_string}"},"query-input":{"@type":"PropertyValueSpecification","valueRequired":true,"valueName":"search_term_string"}}],"inLanguage":"es"}]}},"_links":{"self":[{"href":"https:\/\/laserenavegasaltas.org\/index.php?rest_route=\/wp\/v2\/pages\/3200","targetHints":{"allow":["GET"]}}],"collection":[{"href":"https:\/\/laserenavegasaltas.org\/index.php?rest_route=\/wp\/v2\/pages"}],"about":[{"href":"https:\/\/laserenavegasaltas.org\/index.php?rest_route=\/wp\/v2\/types\/page"}],"author":[{"embeddable":true,"href":"https:\/\/laserenavegasaltas.org\/index.php?rest_route=\/wp\/v2\/users\/1"}],"replies":[{"embeddable":true,"href":"https:\/\/laserenavegasaltas.org\/index.php?rest_route=%2Fwp%2Fv2%2Fcomments&post=3200"}],"version-history":[{"count":6,"href":"https:\/\/laserenavegasaltas.org\/index.php?rest_route=\/wp\/v2\/pages\/3200\/revisions"}],"predecessor-version":[{"id":5237,"href":"https:\/\/laserenavegasaltas.org\/index.php?rest_route=\/wp\/v2\/pages\/3200\/revisions\/5237"}],"wp:attachment":[{"href":"https:\/\/laserenavegasaltas.org\/index.php?rest_route=%2Fwp%2Fv2%2Fmedia&parent=3200"}],"curies":[{"name":"wp","href":"https:\/\/api.w.org\/{rel}","templated":true}]}}